{"id":5076,"date":"2026-03-04T09:56:05","date_gmt":"2026-03-04T09:56:05","guid":{"rendered":"https:\/\/kroen1936.dk\/?page_id=5076"},"modified":"2026-04-24T12:22:29","modified_gmt":"2026-04-24T12:22:29","slug":"winemakers-dinner-med-quevedo-30-4-2026","status":"publish","type":"page","link":"https:\/\/kroen1936.dk\/en\/winemakers-dinner-med-quevedo-30-4-2026\/","title":{"rendered":"Winemaker&#039;s Dinner with Quevedo | 30-4-2026"},"content":{"rendered":"<div data-elementor-type=\"wp-page\" data-elementor-id=\"5076\" class=\"elementor elementor-5076\" data-elementor-post-type=\"page\">\n\t\t\t\t<div class=\"elementor-element elementor-element-63367c7 e-flex e-con-boxed e-con e-parent\" data-id=\"63367c7\" data-element_type=\"container\" data-e-type=\"container\">\n\t\t\t\t\t<div class=\"e-con-inner\">\n\t\t<div class=\"elementor-element elementor-element-fce663b e-con-full e-flex e-con e-child\" data-id=\"fce663b\" data-element_type=\"container\" data-e-type=\"container\">\n\t\t\t\t<div class=\"elementor-element elementor-element-c01876f elementor-widget__width-inherit elementor-widget elementor-widget-heading\" data-id=\"c01876f\" data-element_type=\"widget\" data-e-type=\"widget\" data-widget_type=\"heading.default\">\n\t\t\t\t\t<h1 class=\"elementor-heading-title elementor-size-default\"><strong data-pm-slice=\"0 0 []\">Winemaker&#039;s Dinner with Quevedo<\/strong><\/h1>\t\t\t\t<\/div>\n\t\t\t\t<\/div>\n\t\t<div class=\"elementor-element elementor-element-92a6e23 e-con-full e-flex e-con e-child\" data-id=\"92a6e23\" data-element_type=\"container\" data-e-type=\"container\">\n\t\t\t\t\t\t\t\t<p class=\"e-df1d0d6-46be7e6 e-paragraph-base\" data-interaction-id=\"df1d0d6\"  data-e-type=\"widget\" data-id=\"df1d0d6\">\n\t\t\t\t\t\t\t\tAt Kroen 1936 we have the great pleasure of inviting you to a special event in the universe of the wine house Quevedo. <br><br>Experience an atmospheric and sensual wine tasting and dinner with a focus on taste, stories and true Portuguese wine tradition.<br><br>Enjoy a guided tasting of both table wines and port wines, where Oscar Quevedo presents the wines and shares their stories. <br><br>An exclusive menu is served for the tasting, composed for the occasion and carefully matched to the wines to highlight their character and depth.<br><br>Look forward to an evening of refined taste experiences, inspiring combinations and Quevedo&#039;s special character.<br><br>We look forward to welcoming you.<br><br>April 30, 2026 at 5:30 PM-9:00 PM<br><br><strong id=\"e-mocvrqss-vaueuks\">Price DKK 1,295<\/strong><br><br><strong id=\"e-mocvrqss-b4bjdf4\">MENU<\/strong><br><br>- Port tonic for welcome<br><br>- Peach Pico de Gallo &amp; Poached Cod<br>- 2023 Oscar&#039;s white<br>- 2022 Claudia&#039;s white <br><br>- Barley risotto with mushrooms, young rooster and pickled beech hats (RED)<br>- 2021 Oscar&#039;s red- 2018 Claudia&#039;s Red<br><br>- Granita with sage and pink gin<br><br>- Slow-roasted cuvette with balsamic-glazed root vegetables, red wine sauce and celery cream<br>- 2022 Vintage gate<br>- 2021 Crusted port<br><br>- Old Knas &amp; Comt\u00e9 with nut compote and rye biscuits<br>- 10 year old White port<br>- 2012 White Colheita port<br><br>- G\u00e2teau Marcel served with lightly pickled fresh figs<br>- 20 year old Tawny port<br>- 1995 Harvest port&nbsp;&nbsp;<br>\n\t\t\t\t\t<\/p>\n\t\t\t\t<div class=\"elementor-element elementor-element-0b4087c elementor-tablet-align-center elementor-widget elementor-widget-button\" data-id=\"0b4087c\" data-element_type=\"widget\" data-e-type=\"widget\" data-widget_type=\"button.default\">\n\t\t\t\t\t\t\t\t\t\t<a class=\"elementor-button elementor-button-link elementor-size-sm\" href=\"https:\/\/book.easytable.com\/book\/?id=9b5d2&#038;lang=da\" target=\"_blank\">\n\t\t\t\t\t\t<span class=\"elementor-button-content-wrapper\">\n\t\t\t\t\t\t\t\t\t<span class=\"elementor-button-text\">Buy Ticket<\/span>\n\t\t\t\t\t<\/span>\n\t\t\t\t\t<\/a>\n\t\t\t\t\t\t\t\t<\/div>\n\t\t\t\t<\/div>\n\t\t<div class=\"elementor-element elementor-element-72a29ed e-con-full e-flex e-con e-child\" data-id=\"72a29ed\" data-element_type=\"container\" data-e-type=\"container\">\n\t\t\t\t\t\t\t\n\t\t\t<img class=\"e-image-base e-3b239f2-d1b9c20\" \n\t\t\t\t\tdata-interaction-id=\"3b239f2\" \n\t\t \n\t\t data-e-type=\"widget\" data-id=\"3b239f2\"\n\t\t\t\t\t\t\t\t\tid=\"5443\"\n\t\t\t\t\t\t\t\t\t\t\t\tsrc=\"https:\/\/kroen1936.dk\/wp-content\/uploads\/2026\/04\/image.png\"\n\t\t\t\t\t\t\t\t\t\t\t\twidth=\"1080\"\n\t\t\t\t\t\t\t\t\t\t\t\theight=\"1080\"\n\t\t\t\t\t\t\t\t\t\t\t\tsrcset=\"https:\/\/kroen1936.dk\/wp-content\/uploads\/2026\/04\/image.png 1080w, https:\/\/kroen1936.dk\/wp-content\/uploads\/2026\/04\/image-300x300.png 300w, https:\/\/kroen1936.dk\/wp-content\/uploads\/2026\/04\/image-1024x1024.png 1024w, https:\/\/kroen1936.dk\/wp-content\/uploads\/2026\/04\/image-150x150.png 150w, https:\/\/kroen1936.dk\/wp-content\/uploads\/2026\/04\/image-768x768.png 768w, https:\/\/kroen1936.dk\/wp-content\/uploads\/2026\/04\/image-12x12.png 12w\"\n\t\t\t\t\t\t\t\t\t\t\t\talt=\"Winemakers dinner m. Quevedo fra Portugal\"\n\t\t\t\t\t\t\/>\n\t\t\t\t\t<\/div>\n\t\t\t\t\t<\/div>\n\t\t\t\t<\/div>\n\t\t\t\t<\/div>","protected":false},"excerpt":{"rendered":"<p>Winemaker\u2019s Dinner med Quevedo P\u00e5 Kroen 1936 har vi den store forn\u00f8jelse at invitere dig til en s\u00e6rlig begivenhed i vinhuset Quevedos univers. Oplev en stemningsfuld og sanselig vinsmagning og middag med fokus p\u00e5 smag, fort\u00e6llinger og \u00e6gte portugisisk vintradition. Nyd en guidet smagning af b\u00e5de bordvine og portvine, hvor Oscar Quevedo pr\u00e6senterer vinene og [&hellip;]<\/p>\n","protected":false},"author":2,"featured_media":0,"parent":0,"menu_order":0,"comment_status":"closed","ping_status":"closed","template":"","meta":{"footnotes":""},"class_list":["post-5076","page","type-page","status-publish","hentry"],"_links":{"self":[{"href":"https:\/\/kroen1936.dk\/en\/wp-json\/wp\/v2\/pages\/5076","targetHints":{"allow":["GET"]}}],"collection":[{"href":"https:\/\/kroen1936.dk\/en\/wp-json\/wp\/v2\/pages"}],"about":[{"href":"https:\/\/kroen1936.dk\/en\/wp-json\/wp\/v2\/types\/page"}],"author":[{"embeddable":true,"href":"https:\/\/kroen1936.dk\/en\/wp-json\/wp\/v2\/users\/2"}],"replies":[{"embeddable":true,"href":"https:\/\/kroen1936.dk\/en\/wp-json\/wp\/v2\/comments?post=5076"}],"version-history":[{"count":31,"href":"https:\/\/kroen1936.dk\/en\/wp-json\/wp\/v2\/pages\/5076\/revisions"}],"predecessor-version":[{"id":5446,"href":"https:\/\/kroen1936.dk\/en\/wp-json\/wp\/v2\/pages\/5076\/revisions\/5446"}],"wp:attachment":[{"href":"https:\/\/kroen1936.dk\/en\/wp-json\/wp\/v2\/media?parent=5076"}],"curies":[{"name":"wp","href":"https:\/\/api.w.org\/{rel}","templated":true}]}}