{"id":5062,"date":"2026-03-04T08:57:43","date_gmt":"2026-03-04T08:57:43","guid":{"rendered":"https:\/\/kroen1936.dk\/?page_id=5062"},"modified":"2026-04-24T12:24:42","modified_gmt":"2026-04-24T12:24:42","slug":"events","status":"publish","type":"page","link":"https:\/\/kroen1936.dk\/en\/events\/","title":{"rendered":"Events"},"content":{"rendered":"<div data-elementor-type=\"wp-page\" data-elementor-id=\"5062\" class=\"elementor elementor-5062\" data-elementor-post-type=\"page\">\n\t\t\t\t<div class=\"elementor-element elementor-element-e25fa42 e-flex e-con-boxed e-con e-parent\" data-id=\"e25fa42\" data-element_type=\"container\" data-e-type=\"container\">\n\t\t\t\t\t<div class=\"e-con-inner\">\n\t\t<div class=\"elementor-element elementor-element-6f745cf e-con-full e-flex e-con e-child\" data-id=\"6f745cf\" data-element_type=\"container\" data-e-type=\"container\" data-settings=\"{&quot;background_background&quot;:&quot;classic&quot;}\">\n\t\t\t\t<\/div>\n\t\t<div class=\"elementor-element elementor-element-dd1597f e-con-full e-flex e-con e-child\" data-id=\"dd1597f\" data-element_type=\"container\" data-e-type=\"container\">\n\t\t\t\t<div class=\"elementor-element elementor-element-4b3d984 elementor-widget__width-inherit elementor-widget elementor-widget-heading\" data-id=\"4b3d984\" data-element_type=\"widget\" data-e-type=\"widget\" data-widget_type=\"heading.default\">\n\t\t\t\t\t<h1 class=\"elementor-heading-title elementor-size-default\">EVENTS AT THE INN 1936<\/h1>\t\t\t\t<\/div>\n\t\t\t\t<div class=\"elementor-element elementor-element-5ccafcc elementor-widget elementor-widget-text-editor\" data-id=\"5ccafcc\" data-element_type=\"widget\" data-e-type=\"widget\" data-widget_type=\"text-editor.default\">\n\t\t\t\t\t\t\t\t\t<p data-start=\"131\" data-end=\"364\">At Kroen 1936 we regularly offer special experiences that go beyond the usual restaurant visit. Our events bring together the best we know: taste, storytelling, community and good hospitality, in an atmospheric setting at Skovriderkroen.<\/p><p data-start=\"366\" data-end=\"589\">It can be anything from exclusive wine tastings and themed dinners to collaborations with producers, chefs and passionate communicators. What they all have in common is that we give guests an evening with a focus on enjoyment, presence and quality.<\/p><p data-start=\"821\" data-end=\"965\">Keep an eye on the page for upcoming events. There are often limited spaces and early bird discounts, so it pays to be quick.<\/p>\t\t\t\t\t\t\t\t<\/div>\n\t\t\t\t<\/div>\n\t\t\t\t\t<\/div>\n\t\t\t\t<\/div>\n\t\t<div class=\"elementor-element elementor-element-63367c7 e-flex e-con-boxed e-con e-parent\" data-id=\"63367c7\" data-element_type=\"container\" data-e-type=\"container\">\n\t\t\t\t\t<div class=\"e-con-inner\">\n\t\t<div class=\"elementor-element elementor-element-fce663b e-con-full e-flex e-con e-child\" data-id=\"fce663b\" data-element_type=\"container\" data-e-type=\"container\">\n\t\t\t\t<div class=\"elementor-element elementor-element-c01876f elementor-widget__width-inherit elementor-widget elementor-widget-heading\" data-id=\"c01876f\" data-element_type=\"widget\" data-e-type=\"widget\" data-widget_type=\"heading.default\">\n\t\t\t\t\t<h2 class=\"elementor-heading-title elementor-size-default\">Upcoming events<\/h2>\t\t\t\t<\/div>\n\t\t\t\t<\/div>\n\t\t\t\t\t<\/div>\n\t\t\t\t<\/div>\n\t\t<div class=\"elementor-element elementor-element-207d8d1 e-flex e-con-boxed e-con e-parent\" data-id=\"207d8d1\" data-element_type=\"container\" data-e-type=\"container\">\n\t\t\t\t\t<div class=\"e-con-inner\">\n\t\t<div class=\"elementor-element elementor-element-ed5e915 e-con-full e-flex e-con e-child\" data-id=\"ed5e915\" data-element_type=\"container\" data-e-type=\"container\">\n\t\t<div class=\"elementor-element elementor-element-a00c4dc e-con-full e-flex e-con e-child\" data-id=\"a00c4dc\" data-element_type=\"container\" data-e-type=\"container\">\n\t\t<div class=\"elementor-element elementor-element-92a6e23 e-con-full e-flex e-con e-child\" data-id=\"92a6e23\" data-element_type=\"container\" data-e-type=\"container\">\n\t\t\t\t\t\t\t\t<p class=\"e-df1d0d6-46be7e6 e-paragraph-base\" data-interaction-id=\"df1d0d6\"  data-e-type=\"widget\" data-id=\"df1d0d6\">\n\t\t\t\t\t\t\t\t<strong id=\"e-mnr8gtee-5ek8xgb\">Winemaker&#039;s Dinner with Quevedo<\/strong><br><br>At Kroen 1936 we have the great pleasure of inviting you to a special event in the Quevedo universe. Experience an atmospheric and sensual wine tasting and dinner with a focus on taste, stories and true Portuguese wine tradition.<br><br>April 30, 2026 at 5:30 PM-9:00 PM\n\t\t\t\t\t<\/p>\n\t\t\t\t<\/div>\n\t\t\t\t<\/div>\n\t\t<div class=\"elementor-element elementor-element-c2c75fe e-con-full e-flex e-con e-child\" data-id=\"c2c75fe\" data-element_type=\"container\" data-e-type=\"container\">\n\t\t\t\t<div class=\"elementor-element elementor-element-0b4087c elementor-tablet-align-center elementor-widget__width-initial elementor-widget elementor-widget-button\" data-id=\"0b4087c\" data-element_type=\"widget\" data-e-type=\"widget\" data-widget_type=\"button.default\">\n\t\t\t\t\t\t\t\t\t\t<a class=\"elementor-button elementor-button-link elementor-size-sm\" href=\"https:\/\/kroen1936.dk\/en\/winemakers-dinner-med-quevedo-30-4-2026\/\">\n\t\t\t\t\t\t<span class=\"elementor-button-content-wrapper\">\n\t\t\t\t\t\t\t\t\t<span class=\"elementor-button-text\">Read more<\/span>\n\t\t\t\t\t<\/span>\n\t\t\t\t\t<\/a>\n\t\t\t\t\t\t\t\t<\/div>\n\t\t\t\t<\/div>\n\t\t\t\t<\/div>\n\t\t<div class=\"elementor-element elementor-element-49184b4 e-con-full e-flex e-con e-child\" data-id=\"49184b4\" data-element_type=\"container\" data-e-type=\"container\">\n\t\t<div class=\"elementor-element elementor-element-fba19f8 e-con-full e-flex e-con e-child\" data-id=\"fba19f8\" data-element_type=\"container\" data-e-type=\"container\">\n\t\t\t\t\t\t\t\n\t\t\t<img class=\"e-image-base\" \n\t\t\t\t\tdata-interaction-id=\"3308533\" \n\t\t \n\t\t data-e-type=\"widget\" data-id=\"3308533\"\n\t\t\t\t\t\t\t\t\tid=\"5443\"\n\t\t\t\t\t\t\t\t\t\t\t\tsrc=\"https:\/\/kroen1936.dk\/wp-content\/uploads\/2026\/04\/image.png\"\n\t\t\t\t\t\t\t\t\t\t\t\twidth=\"1080\"\n\t\t\t\t\t\t\t\t\t\t\t\theight=\"1080\"\n\t\t\t\t\t\t\t\t\t\t\t\tsrcset=\"https:\/\/kroen1936.dk\/wp-content\/uploads\/2026\/04\/image.png 1080w, https:\/\/kroen1936.dk\/wp-content\/uploads\/2026\/04\/image-300x300.png 300w, https:\/\/kroen1936.dk\/wp-content\/uploads\/2026\/04\/image-1024x1024.png 1024w, https:\/\/kroen1936.dk\/wp-content\/uploads\/2026\/04\/image-150x150.png 150w, https:\/\/kroen1936.dk\/wp-content\/uploads\/2026\/04\/image-768x768.png 768w, https:\/\/kroen1936.dk\/wp-content\/uploads\/2026\/04\/image-12x12.png 12w\"\n\t\t\t\t\t\t\t\t\t\t\t\talt=\"Winemakers dinner m. Quevedo fra Portugal\"\n\t\t\t\t\t\t\/>\n\t\t\t\t\t<\/div>\n\t\t\t\t<\/div>\n\t\t\t\t\t<\/div>\n\t\t\t\t<\/div>\n\t\t\t\t<div class=\"elementor-element elementor-element-103321c e-con e-atomic-element e-flexbox-base\" data-id=\"103321c\" data-element_type=\"e-flexbox\" data-e-type=\"e-flexbox\" data-interaction-id=\"103321c\">\n\t\t\t\t\t\n<hr class=\"e-divider-base\" data-interaction-id=\"1ebbd1a\"  data-e-type=\"widget\" data-id=\"1ebbd1a\" \/>\n\t\t\t\t<\/div>\n\t\t<div class=\"elementor-element elementor-element-6e3aa9c e-flex e-con-boxed e-con e-parent\" data-id=\"6e3aa9c\" data-element_type=\"container\" data-e-type=\"container\">\n\t\t\t\t\t<div class=\"e-con-inner\">\n\t\t<div class=\"elementor-element elementor-element-bd609cf e-con-full e-flex e-con e-child\" data-id=\"bd609cf\" data-element_type=\"container\" data-e-type=\"container\">\n\t\t<div class=\"elementor-element elementor-element-27d23b5 e-con-full e-flex e-con e-child\" data-id=\"27d23b5\" data-element_type=\"container\" data-e-type=\"container\">\n\t\t<div class=\"elementor-element elementor-element-4c50c19 e-con-full e-flex e-con e-child\" data-id=\"4c50c19\" data-element_type=\"container\" data-e-type=\"container\">\n\t\t\t\t\t\t\t\t<p class=\"e-40e54ec-eeee804 e-paragraph-base\" data-interaction-id=\"40e54ec\"  data-e-type=\"widget\" data-id=\"40e54ec\">\n\t\t\t\t\t\t\t\t<strong id=\"e-mnr8gme0-5wh9vb7\">Winemaker&#039;s Dinner with Argentieras<\/strong><br><br>Are you into Italian? At Kroen 1936 we would like to invite you to an evening in the universe of the Italian wine house Argentiera. Experience an atmospheric and sensual wine tasting and dinner with a focus on taste and Tuscan wine tradition.<br><br>May 28, 2026 at 6:00 PM-9:00 PM\n\t\t\t\t\t<\/p>\n\t\t\t\t<\/div>\n\t\t\t\t<\/div>\n\t\t<div class=\"elementor-element elementor-element-6545616 e-con-full e-flex e-con e-child\" data-id=\"6545616\" data-element_type=\"container\" data-e-type=\"container\">\n\t\t\t\t<div class=\"elementor-element elementor-element-fd87f0c elementor-tablet-align-center elementor-widget__width-initial elementor-widget elementor-widget-button\" data-id=\"fd87f0c\" data-element_type=\"widget\" data-e-type=\"widget\" data-widget_type=\"button.default\">\n\t\t\t\t\t\t\t\t\t\t<a class=\"elementor-button elementor-button-link elementor-size-sm\" href=\"https:\/\/kroen1936.dk\/en\/winemakers-dinner-med-argentieras\/\">\n\t\t\t\t\t\t<span class=\"elementor-button-content-wrapper\">\n\t\t\t\t\t\t\t\t\t<span class=\"elementor-button-text\">Read more<\/span>\n\t\t\t\t\t<\/span>\n\t\t\t\t\t<\/a>\n\t\t\t\t\t\t\t\t<\/div>\n\t\t\t\t<\/div>\n\t\t\t\t<\/div>\n\t\t<div class=\"elementor-element elementor-element-9f53a3e e-con-full e-flex e-con e-child\" data-id=\"9f53a3e\" data-element_type=\"container\" data-e-type=\"container\">\n\t\t<div class=\"elementor-element elementor-element-30b9a4d e-con-full e-flex e-con e-child\" data-id=\"30b9a4d\" data-element_type=\"container\" data-e-type=\"container\">\n\t\t\t\t\t\t\t\n\t\t\t<img class=\"e-image-base\" \n\t\t\t\t\tdata-interaction-id=\"bd9d9f6\" \n\t\t \n\t\t data-e-type=\"widget\" data-id=\"bd9d9f6\"\n\t\t\t\t\t\t\t\t\tid=\"5345\"\n\t\t\t\t\t\t\t\t\t\t\t\tsrc=\"https:\/\/kroen1936.dk\/wp-content\/uploads\/2026\/04\/Argentiera_main.jpg\"\n\t\t\t\t\t\t\t\t\t\t\t\twidth=\"1080\"\n\t\t\t\t\t\t\t\t\t\t\t\theight=\"1080\"\n\t\t\t\t\t\t\t\t\t\t\t\tsrcset=\"https:\/\/kroen1936.dk\/wp-content\/uploads\/2026\/04\/Argentiera_main.jpg 1080w, https:\/\/kroen1936.dk\/wp-content\/uploads\/2026\/04\/Argentiera_main-300x300.jpg 300w, https:\/\/kroen1936.dk\/wp-content\/uploads\/2026\/04\/Argentiera_main-1024x1024.jpg 1024w, https:\/\/kroen1936.dk\/wp-content\/uploads\/2026\/04\/Argentiera_main-150x150.jpg 150w, https:\/\/kroen1936.dk\/wp-content\/uploads\/2026\/04\/Argentiera_main-768x768.jpg 768w, https:\/\/kroen1936.dk\/wp-content\/uploads\/2026\/04\/Argentiera_main-12x12.jpg 12w\"\n\t\t\t\t\t\t\t\t\t\t\t\talt=\"Winemakers Dinner p\u00e5 Skovriderkroen m. italienske Argentiera\"\n\t\t\t\t\t\t\/>\n\t\t\t\t\t<\/div>\n\t\t\t\t<\/div>\n\t\t\t\t\t<\/div>\n\t\t\t\t<\/div>\n\t\t\t\t<\/div>","protected":false},"excerpt":{"rendered":"<p>EVENTS P\u00c5 KROEN 1936 P\u00e5 Kroen 1936 byder vi l\u00f8bende p\u00e5 s\u00e6rlige oplevelser, der r\u00e6kker ud over det s\u00e6dvanlige restaurantbes\u00f8g. Vores events samler det bedste vi ved: smag, fort\u00e6lling, f\u00e6llesskab og godt v\u00e6rtskab, i stemningsfulde rammer p\u00e5 Skovriderkroen. Det kan v\u00e6re alt fra eksklusive vinsmagninger og temamiddage til samarbejder med producenter, kokke og passionerede formidlere. [&hellip;]<\/p>\n","protected":false},"author":2,"featured_media":0,"parent":0,"menu_order":0,"comment_status":"closed","ping_status":"closed","template":"","meta":{"footnotes":""},"class_list":["post-5062","page","type-page","status-publish","hentry"],"_links":{"self":[{"href":"https:\/\/kroen1936.dk\/en\/wp-json\/wp\/v2\/pages\/5062","targetHints":{"allow":["GET"]}}],"collection":[{"href":"https:\/\/kroen1936.dk\/en\/wp-json\/wp\/v2\/pages"}],"about":[{"href":"https:\/\/kroen1936.dk\/en\/wp-json\/wp\/v2\/types\/page"}],"author":[{"embeddable":true,"href":"https:\/\/kroen1936.dk\/en\/wp-json\/wp\/v2\/users\/2"}],"replies":[{"embeddable":true,"href":"https:\/\/kroen1936.dk\/en\/wp-json\/wp\/v2\/comments?post=5062"}],"version-history":[{"count":43,"href":"https:\/\/kroen1936.dk\/en\/wp-json\/wp\/v2\/pages\/5062\/revisions"}],"predecessor-version":[{"id":5449,"href":"https:\/\/kroen1936.dk\/en\/wp-json\/wp\/v2\/pages\/5062\/revisions\/5449"}],"wp:attachment":[{"href":"https:\/\/kroen1936.dk\/en\/wp-json\/wp\/v2\/media?parent=5062"}],"curies":[{"name":"wp","href":"https:\/\/api.w.org\/{rel}","templated":true}]}}