{"id":4964,"date":"2026-02-02T09:38:35","date_gmt":"2026-02-02T09:38:35","guid":{"rendered":"https:\/\/kroen1936.dk\/?page_id=4964"},"modified":"2026-03-06T15:12:50","modified_gmt":"2026-03-06T15:12:50","slug":"kontakt","status":"publish","type":"page","link":"https:\/\/kroen1936.dk\/en\/kontakt\/","title":{"rendered":"Contact"},"content":{"rendered":"<div data-elementor-type=\"wp-page\" data-elementor-id=\"4964\" class=\"elementor elementor-4964\" data-elementor-post-type=\"page\">\n\t\t\t\t<div class=\"elementor-element elementor-element-e25fa42 e-flex e-con-boxed e-con e-parent\" data-id=\"e25fa42\" data-element_type=\"container\" data-e-type=\"container\">\n\t\t\t\t\t<div class=\"e-con-inner\">\n\t\t<div class=\"elementor-element elementor-element-6f745cf e-con-full e-flex e-con e-child\" data-id=\"6f745cf\" data-element_type=\"container\" data-e-type=\"container\" data-settings=\"{&quot;background_background&quot;:&quot;classic&quot;}\">\n\t\t\t\t<\/div>\n\t\t<div class=\"elementor-element elementor-element-dd1597f e-con-full e-flex e-con e-child\" data-id=\"dd1597f\" data-element_type=\"container\" data-e-type=\"container\">\n\t\t\t\t<div class=\"elementor-element elementor-element-4b3d984 elementor-widget__width-inherit elementor-widget elementor-widget-heading\" data-id=\"4b3d984\" data-element_type=\"widget\" data-e-type=\"widget\" data-widget_type=\"heading.default\">\n\t\t\t\t\t<h1 class=\"elementor-heading-title elementor-size-default\">Contact<\/h1>\t\t\t\t<\/div>\n\t\t\t\t<div class=\"elementor-element elementor-element-5ccafcc elementor-widget elementor-widget-text-editor\" data-id=\"5ccafcc\" data-element_type=\"widget\" data-e-type=\"widget\" data-widget_type=\"text-editor.default\">\n\t\t\t\t\t\t\t\t\t<p>We look forward to hearing from you!<br \/>If you have any questions, would like to book a table, inquire about party options, or have special requests for your experience with us, we are ready to help.<\/p><p>The Inn 1936<br \/>The Forest Rider Inn<br \/>Beach Road 235, <br \/>2920 Charlottenlund<\/p><p><strong><span style=\"text-decoration: underline;\"><a href=\"tel:+4539953940\">+45 35 95 39 40<\/a><\/span><\/strong><\/p><p><strong><span style=\"text-decoration: underline;\"><a href=\"mailto:kontakt@kroen1936.dk\">kontakt@kroen1936.dk<\/a><\/span><\/strong><\/p>\t\t\t\t\t\t\t\t<\/div>\n\t\t\t\t<\/div>\n\t\t\t\t\t<\/div>\n\t\t\t\t<\/div>\n\t\t<div class=\"elementor-element elementor-element-63367c7 e-flex e-con-boxed e-con e-parent\" data-id=\"63367c7\" data-element_type=\"container\" data-e-type=\"container\">\n\t\t\t\t\t<div class=\"e-con-inner\">\n\t\t<div class=\"elementor-element elementor-element-fce663b e-con-full e-flex e-con e-child\" data-id=\"fce663b\" data-element_type=\"container\" data-e-type=\"container\">\n\t\t\t\t<div class=\"elementor-element elementor-element-c01876f elementor-widget__width-inherit elementor-widget elementor-widget-heading\" data-id=\"c01876f\" data-element_type=\"widget\" data-e-type=\"widget\" data-widget_type=\"heading.default\">\n\t\t\t\t\t<h2 class=\"elementor-heading-title elementor-size-default\">Parties &amp; Events<\/h2>\t\t\t\t<\/div>\n\t\t\t\t<div class=\"elementor-element elementor-element-5fa802c elementor-widget elementor-widget-text-editor\" data-id=\"5fa802c\" data-element_type=\"widget\" data-e-type=\"widget\" data-widget_type=\"text-editor.default\">\n\t\t\t\t\t\t\t\t\t<p style=\"font-weight: 400;\"><br \/>Are you planning a party, wedding, confirmation or corporate event?<\/p><p>We offer tailor-made solutions in beautiful surroundings. Contact us for options and prices.<\/p><p style=\"font-weight: 400;\">We take pride in meeting you with nature, quality and presence, both in taste and service.<\/p>\t\t\t\t\t\t\t\t<\/div>\n\t\t\t\t<div class=\"elementor-element elementor-element-0b4087c elementor-align-left elementor-widget elementor-widget-button\" data-id=\"0b4087c\" data-element_type=\"widget\" data-e-type=\"widget\" data-widget_type=\"button.default\">\n\t\t\t\t\t\t\t\t\t\t<a class=\"elementor-button elementor-button-link elementor-size-sm\" href=\"https:\/\/kroen1936.dk\/en\/private-selskaber\/\">\n\t\t\t\t\t\t<span class=\"elementor-button-content-wrapper\">\n\t\t\t\t\t\t\t\t\t<span class=\"elementor-button-text\">Read more<\/span>\n\t\t\t\t\t<\/span>\n\t\t\t\t\t<\/a>\n\t\t\t\t\t\t\t\t<\/div>\n\t\t\t\t<\/div>\n\t\t<div data-pp-wrapper-link=\"{&quot;url&quot;:&quot;https:\\\/\\\/www.skovriderkroen.dk\\\/&quot;,&quot;is_external&quot;:&quot;on&quot;,&quot;nofollow&quot;:&quot;&quot;}\" class=\"pp-wrapper-link elementor-element elementor-element-4019cb9 e-con-full e-flex e-con e-child\" data-id=\"4019cb9\" data-element_type=\"container\" data-e-type=\"container\" data-settings=\"{&quot;background_background&quot;:&quot;classic&quot;}\">\n\t\t\t\t<\/div>\n\t\t\t\t\t<\/div>\n\t\t\t\t<\/div>\n\t\t\t\t<\/div>","protected":false},"excerpt":{"rendered":"<p>Kontakt Vi gl\u00e6der os til at h\u00f8re fra dig!Har du sp\u00f8rgsm\u00e5l, \u00f8nsker du at booke bord, h\u00f8re om selskabsmuligheder eller har du s\u00e6rlige \u00f8nsker til din oplevelse hos os, st\u00e5r vi klar til at hj\u00e6lpe. Kroen 1936SkovriderkroenStrandvejen 235, 2920 Charlottenlund +45 35 95 39 40 kontakt@kroen1936.dk Selskaber &amp; Events Skal I holde fest, bryllup, konfirmation [&hellip;]<\/p>\n","protected":false},"author":2,"featured_media":0,"parent":0,"menu_order":0,"comment_status":"closed","ping_status":"closed","template":"","meta":{"footnotes":""},"class_list":["post-4964","page","type-page","status-publish","hentry"],"_links":{"self":[{"href":"https:\/\/kroen1936.dk\/en\/wp-json\/wp\/v2\/pages\/4964","targetHints":{"allow":["GET"]}}],"collection":[{"href":"https:\/\/kroen1936.dk\/en\/wp-json\/wp\/v2\/pages"}],"about":[{"href":"https:\/\/kroen1936.dk\/en\/wp-json\/wp\/v2\/types\/page"}],"author":[{"embeddable":true,"href":"https:\/\/kroen1936.dk\/en\/wp-json\/wp\/v2\/users\/2"}],"replies":[{"embeddable":true,"href":"https:\/\/kroen1936.dk\/en\/wp-json\/wp\/v2\/comments?post=4964"}],"version-history":[{"count":7,"href":"https:\/\/kroen1936.dk\/en\/wp-json\/wp\/v2\/pages\/4964\/revisions"}],"predecessor-version":[{"id":5143,"href":"https:\/\/kroen1936.dk\/en\/wp-json\/wp\/v2\/pages\/4964\/revisions\/5143"}],"wp:attachment":[{"href":"https:\/\/kroen1936.dk\/en\/wp-json\/wp\/v2\/media?parent=4964"}],"curies":[{"name":"wp","href":"https:\/\/api.w.org\/{rel}","templated":true}]}}