{"id":4734,"date":"2026-01-13T09:52:04","date_gmt":"2026-01-13T09:52:04","guid":{"rendered":"https:\/\/kroen1936.dk\/?page_id=4734"},"modified":"2026-01-15T12:02:49","modified_gmt":"2026-01-15T12:02:49","slug":"gavekort","status":"publish","type":"page","link":"https:\/\/kroen1936.dk\/en\/gavekort\/","title":{"rendered":"Gift card"},"content":{"rendered":"<div data-elementor-type=\"wp-page\" data-elementor-id=\"4734\" class=\"elementor elementor-4734\" data-elementor-post-type=\"page\">\n\t\t\t\t<div class=\"elementor-element elementor-element-e25fa42 e-flex e-con-boxed e-con e-parent\" data-id=\"e25fa42\" data-element_type=\"container\" data-e-type=\"container\">\n\t\t\t\t\t<div class=\"e-con-inner\">\n\t\t<div class=\"elementor-element elementor-element-6f745cf e-con-full e-flex e-con e-child\" data-id=\"6f745cf\" data-element_type=\"container\" data-e-type=\"container\" data-settings=\"{&quot;background_background&quot;:&quot;classic&quot;}\">\n\t\t\t\t<\/div>\n\t\t<div class=\"elementor-element elementor-element-dd1597f e-con-full e-flex e-con e-child\" data-id=\"dd1597f\" data-element_type=\"container\" data-e-type=\"container\">\n\t\t\t\t<div class=\"elementor-element elementor-element-4b3d984 elementor-widget__width-inherit elementor-widget elementor-widget-heading\" data-id=\"4b3d984\" data-element_type=\"widget\" data-e-type=\"widget\" data-widget_type=\"heading.default\">\n\t\t\t\t\t<h1 class=\"elementor-heading-title elementor-size-default\">Gift card<\/h1>\t\t\t\t<\/div>\n\t\t\t\t<div class=\"elementor-element elementor-element-5ccafcc elementor-widget elementor-widget-text-editor\" data-id=\"5ccafcc\" data-element_type=\"widget\" data-e-type=\"widget\" data-widget_type=\"text-editor.default\">\n\t\t\t\t\t\t\t\t\t<p data-start=\"299\" data-end=\"619\"><strong data-start=\"302\" data-end=\"329\">Give the gift of an experience<\/strong><br data-start=\"329\" data-end=\"332\" \/>Treat someone you care about with a gift card. <strong data-start=\"375\" data-end=\"389\">The Inn 1936<\/strong> \u2013 perfect as a birthday, anniversary, Christmas or hostess gift. The gift card can be used to enjoy our classic inn experience with quality food, brunch or dinner in cozy surroundings on Strandvejen in Charlottenlund.<\/p><p data-start=\"621\" data-end=\"724\">Buy the gift card directly from us - contact us for more info or order online via our gift card shop.<\/p><p data-start=\"726\" data-end=\"774\"><strong data-start=\"729\" data-end=\"772\">Kroen 1936 \u2013 an experience worth sharing<\/strong><\/p>\t\t\t\t\t\t\t\t<\/div>\n\t\t\t\t<div class=\"elementor-element elementor-element-6e7568d elementor-mobile-align-center elementor-widget elementor-widget-button\" data-id=\"6e7568d\" data-element_type=\"widget\" data-e-type=\"widget\" data-widget_type=\"button.default\">\n\t\t\t\t\t\t\t\t\t\t<a class=\"elementor-button elementor-button-link elementor-size-sm\" href=\"https:\/\/order.lifepeaks.dk\/kroen-1936\" target=\"_blank\">\n\t\t\t\t\t\t<span class=\"elementor-button-content-wrapper\">\n\t\t\t\t\t\t\t\t\t<span class=\"elementor-button-text\">Buy gift cards<\/span>\n\t\t\t\t\t<\/span>\n\t\t\t\t\t<\/a>\n\t\t\t\t\t\t\t\t<\/div>\n\t\t\t\t<\/div>\n\t\t\t\t\t<\/div>\n\t\t\t\t<\/div>\n\t\t<div class=\"elementor-element elementor-element-63367c7 e-flex e-con-boxed e-con e-parent\" data-id=\"63367c7\" data-element_type=\"container\" data-e-type=\"container\">\n\t\t\t\t\t<div class=\"e-con-inner\">\n\t\t\t\t\t<\/div>\n\t\t\t\t<\/div>\n\t\t\t\t<\/div>","protected":false},"excerpt":{"rendered":"<p>Gavekort Giv en oplevelse i gaveFork\u00e6l en du holder af med et gavekort til Kroen 1936 \u2013 perfekt som gave til f\u00f8dselsdag, jubil\u00e6um, jule- eller v\u00e6rtindegave. Gavekortet kan bruges til at nyde vores klassiske krooplevelse med kvalitetsmad, brunch eller middag i hyggelige omgivelser p\u00e5 Strandvejen i Charlottenlund. K\u00f8b gavekortet direkte hos os \u2013 kontakt os [&hellip;]<\/p>\n","protected":false},"author":2,"featured_media":0,"parent":0,"menu_order":0,"comment_status":"closed","ping_status":"closed","template":"","meta":{"footnotes":""},"class_list":["post-4734","page","type-page","status-publish","hentry"],"_links":{"self":[{"href":"https:\/\/kroen1936.dk\/en\/wp-json\/wp\/v2\/pages\/4734","targetHints":{"allow":["GET"]}}],"collection":[{"href":"https:\/\/kroen1936.dk\/en\/wp-json\/wp\/v2\/pages"}],"about":[{"href":"https:\/\/kroen1936.dk\/en\/wp-json\/wp\/v2\/types\/page"}],"author":[{"embeddable":true,"href":"https:\/\/kroen1936.dk\/en\/wp-json\/wp\/v2\/users\/2"}],"replies":[{"embeddable":true,"href":"https:\/\/kroen1936.dk\/en\/wp-json\/wp\/v2\/comments?post=4734"}],"version-history":[{"count":13,"href":"https:\/\/kroen1936.dk\/en\/wp-json\/wp\/v2\/pages\/4734\/revisions"}],"predecessor-version":[{"id":4824,"href":"https:\/\/kroen1936.dk\/en\/wp-json\/wp\/v2\/pages\/4734\/revisions\/4824"}],"wp:attachment":[{"href":"https:\/\/kroen1936.dk\/en\/wp-json\/wp\/v2\/media?parent=4734"}],"curies":[{"name":"wp","href":"https:\/\/api.w.org\/{rel}","templated":true}]}}