{"id":3649,"date":"2025-11-20T09:17:26","date_gmt":"2025-11-20T09:17:26","guid":{"rendered":"https:\/\/fredly.dk\/?page_id=3649"},"modified":"2026-01-23T12:39:55","modified_gmt":"2026-01-23T12:39:55","slug":"private-selskaber","status":"publish","type":"page","link":"https:\/\/kroen1936.dk\/en\/private-selskaber\/","title":{"rendered":"COMPANY RESERVATIONS"},"content":{"rendered":"<div data-elementor-type=\"wp-page\" data-elementor-id=\"3649\" class=\"elementor elementor-3649\" data-elementor-post-type=\"page\">\n\t\t\t\t<div class=\"elementor-element elementor-element-e25fa42 e-flex e-con-boxed e-con e-parent\" data-id=\"e25fa42\" data-element_type=\"container\" data-e-type=\"container\">\n\t\t\t\t\t<div class=\"e-con-inner\">\n\t\t<div class=\"elementor-element elementor-element-6f745cf e-con-full e-flex e-con e-child\" data-id=\"6f745cf\" data-element_type=\"container\" data-e-type=\"container\" data-settings=\"{&quot;background_background&quot;:&quot;classic&quot;}\">\n\t\t\t\t<\/div>\n\t\t<div class=\"elementor-element elementor-element-dd1597f e-con-full e-flex e-con e-child\" data-id=\"dd1597f\" data-element_type=\"container\" data-e-type=\"container\">\n\t\t\t\t<div class=\"elementor-element elementor-element-4b3d984 elementor-widget__width-inherit elementor-widget elementor-widget-heading\" data-id=\"4b3d984\" data-element_type=\"widget\" data-e-type=\"widget\" data-widget_type=\"heading.default\">\n\t\t\t\t\t<h2 class=\"elementor-heading-title elementor-size-default\">COMPANY RESERVATIONS<\/h2>\t\t\t\t<\/div>\n\t\t\t\t<div class=\"elementor-element elementor-element-5ccafcc elementor-widget elementor-widget-text-editor\" data-id=\"5ccafcc\" data-element_type=\"widget\" data-e-type=\"widget\" data-widget_type=\"text-editor.default\">\n\t\t\t\t\t\t\t\t\t<p>\u00a0<\/p><p>At Kroen 1936, it&#039;s all about creating memorable experiences. We can help you put together an evening that suits both the occasion and your wishes.<\/p><p>If you would like to hold a private event at Kroen 1936, the Garden Room can be rented. Birthdays, confirmations or weddings can be held here with space for up to 120 dining guests.<\/p><p>It is a lovely, bright room with a large, lovely covered terrace and a view of the garden and sea.<\/p><p>For events in the Garden Room, we offer the chef&#039;s set menus that follow the seasons.<\/p><p>For rental of the Garden Room: <strong><a href=\"mailto:kontakt@skovriderkroen.dk\" target=\"_blank\" rel=\"noopener\">kontakt@skovriderkroen.dk<\/a><\/strong><\/p>\t\t\t\t\t\t\t\t<\/div>\n\t\t\t\t<\/div>\n\t\t\t\t\t<\/div>\n\t\t\t\t<\/div>\n\t\t<div class=\"elementor-element elementor-element-63367c7 e-flex e-con-boxed e-con e-parent\" data-id=\"63367c7\" data-element_type=\"container\" data-e-type=\"container\">\n\t\t\t\t\t<div class=\"e-con-inner\">\n\t\t<div class=\"elementor-element elementor-element-fce663b e-con-full e-flex e-con e-child\" data-id=\"fce663b\" data-element_type=\"container\" data-e-type=\"container\">\n\t\t\t\t<div class=\"elementor-element elementor-element-c01876f elementor-widget__width-inherit elementor-widget elementor-widget-heading\" data-id=\"c01876f\" data-element_type=\"widget\" data-e-type=\"widget\" data-widget_type=\"heading.default\">\n\t\t\t\t\t<h2 class=\"elementor-heading-title elementor-size-default\">More options<\/h2>\t\t\t\t<\/div>\n\t\t\t\t<div class=\"elementor-element elementor-element-5fa802c elementor-widget elementor-widget-text-editor\" data-id=\"5fa802c\" data-element_type=\"widget\" data-e-type=\"widget\" data-widget_type=\"text-editor.default\">\n\t\t\t\t\t\t\t\t\t<p data-start=\"150\" data-end=\"249\"><br><\/p><p data-start=\"150\" data-end=\"249\">Kroen 1936 collaborates with Skovriderkroen on the use of the house&#039;s beautiful party and event rooms.<\/p>\n<p data-start=\"251\" data-end=\"479\">If you want a larger or more private setting for your event, the Ballroom or Fireplace Room can be rented.<\/p>\n<p data-start=\"251\" data-end=\"479\">Both rooms are located on the 1st floor of Skovriderkroen and have terraces with views of both the garden and the sea.<\/p>\t\t\t\t\t\t\t\t<\/div>\n\t\t\t\t<div class=\"elementor-element elementor-element-0b4087c elementor-widget elementor-widget-button\" data-id=\"0b4087c\" data-element_type=\"widget\" data-e-type=\"widget\" data-widget_type=\"button.default\">\n\t\t\t\t\t\t\t\t\t\t<a class=\"elementor-button elementor-button-link elementor-size-sm\" href=\"https:\/\/www.skovriderkroen.dk\/\" target=\"_blank\">\n\t\t\t\t\t\t<span class=\"elementor-button-content-wrapper\">\n\t\t\t\t\t\t\t\t\t<span class=\"elementor-button-text\">Read more<\/span>\n\t\t\t\t\t<\/span>\n\t\t\t\t\t<\/a>\n\t\t\t\t\t\t\t\t<\/div>\n\t\t\t\t<\/div>\n\t\t<div class=\"elementor-element elementor-element-4019cb9 e-con-full e-flex e-con e-child\" data-id=\"4019cb9\" data-element_type=\"container\" data-e-type=\"container\" data-settings=\"{&quot;background_background&quot;:&quot;classic&quot;}\">\n\t\t\t\t<div class=\"elementor-element elementor-element-2846142 elementor-widget elementor-widget-image\" data-id=\"2846142\" data-element_type=\"widget\" data-e-type=\"widget\" data-widget_type=\"image.default\">\n\t\t\t\t\t\t\t\t\t\t\t\t\t\t\t<img fetchpriority=\"high\" decoding=\"async\" width=\"800\" height=\"342\" src=\"https:\/\/kroen1936.dk\/wp-content\/uploads\/2025\/11\/Skovriderkroen_hvid-1024x438.webp\" class=\"attachment-large size-large wp-image-4113\" alt=\"\" srcset=\"https:\/\/kroen1936.dk\/wp-content\/uploads\/2025\/11\/Skovriderkroen_hvid-1024x438.webp 1024w, https:\/\/kroen1936.dk\/wp-content\/uploads\/2025\/11\/Skovriderkroen_hvid-600x256.webp 600w, https:\/\/kroen1936.dk\/wp-content\/uploads\/2025\/11\/Skovriderkroen_hvid-300x128.webp 300w, https:\/\/kroen1936.dk\/wp-content\/uploads\/2025\/11\/Skovriderkroen_hvid-768x328.webp 768w, https:\/\/kroen1936.dk\/wp-content\/uploads\/2025\/11\/Skovriderkroen_hvid.webp 1500w\" sizes=\"(max-width: 800px) 100vw, 800px\" \/>\t\t\t\t\t\t\t\t\t\t\t\t\t\t\t<\/div>\n\t\t\t\t<\/div>\n\t\t\t\t\t<\/div>\n\t\t\t\t<\/div>\n\t\t\t\t<\/div>","protected":false},"excerpt":{"rendered":"<p>SELSKABSRESERVATIONER \u00a0 Hos Kroen 1936 handler det om at skabe mindev\u00e6rdige oplevelser. Vi kan hj\u00e6lpe jer med at sammens\u00e6tte en aften, der passer til b\u00e5de anledningen og jeres \u00f8nsker. \u00d8nsker I at holde et privat arrangement hos Kroen 1936, kan Havestuen lejes. Her kan der holdes f\u00f8dselsdag, konfirmation eller bryllup med plads til op til [&hellip;]<\/p>\n","protected":false},"author":2,"featured_media":0,"parent":0,"menu_order":0,"comment_status":"closed","ping_status":"closed","template":"","meta":{"footnotes":""},"class_list":["post-3649","page","type-page","status-publish","hentry"],"_links":{"self":[{"href":"https:\/\/kroen1936.dk\/en\/wp-json\/wp\/v2\/pages\/3649","targetHints":{"allow":["GET"]}}],"collection":[{"href":"https:\/\/kroen1936.dk\/en\/wp-json\/wp\/v2\/pages"}],"about":[{"href":"https:\/\/kroen1936.dk\/en\/wp-json\/wp\/v2\/types\/page"}],"author":[{"embeddable":true,"href":"https:\/\/kroen1936.dk\/en\/wp-json\/wp\/v2\/users\/2"}],"replies":[{"embeddable":true,"href":"https:\/\/kroen1936.dk\/en\/wp-json\/wp\/v2\/comments?post=3649"}],"version-history":[{"count":36,"href":"https:\/\/kroen1936.dk\/en\/wp-json\/wp\/v2\/pages\/3649\/revisions"}],"predecessor-version":[{"id":4931,"href":"https:\/\/kroen1936.dk\/en\/wp-json\/wp\/v2\/pages\/3649\/revisions\/4931"}],"wp:attachment":[{"href":"https:\/\/kroen1936.dk\/en\/wp-json\/wp\/v2\/media?parent=3649"}],"curies":[{"name":"wp","href":"https:\/\/api.w.org\/{rel}","templated":true}]}}