{"id":1228,"date":"2025-10-07T16:18:18","date_gmt":"2025-10-07T15:18:18","guid":{"rendered":"https:\/\/fredly.dk\/home-2\/"},"modified":"2026-04-29T13:51:14","modified_gmt":"2026-04-29T13:51:14","slug":"charlottenlund","status":"publish","type":"page","link":"https:\/\/kroen1936.dk\/en\/","title":{"rendered":"The Inn 1936"},"content":{"rendered":"<div data-elementor-type=\"wp-page\" data-elementor-id=\"1228\" class=\"elementor elementor-1228\" data-elementor-post-type=\"page\">\n\t\t\t\t<div class=\"elementor-element elementor-element-6e16ff0d e-flex e-con-boxed e-con e-parent\" data-id=\"6e16ff0d\" data-element_type=\"container\" data-e-type=\"container\">\n\t\t\t\t\t<div class=\"e-con-inner\">\n\t\t<div class=\"elementor-element elementor-element-1f2667d8 e-con-full e-flex e-con e-child\" data-id=\"1f2667d8\" data-element_type=\"container\" data-e-type=\"container\" data-settings=\"{&quot;background_background&quot;:&quot;classic&quot;}\">\n\t\t\t\t<div class=\"elementor-element elementor-element-2a53b264 elementor-widget__width-inherit elementor-widget elementor-widget-heading\" data-id=\"2a53b264\" data-element_type=\"widget\" data-e-type=\"widget\" data-widget_type=\"heading.default\">\n\t\t\t\t\t<h2 class=\"elementor-heading-title elementor-size-default\">DINNER<\/h2>\t\t\t\t<\/div>\n\t\t\t\t<div class=\"elementor-element elementor-element-3220eafd elementor-align-center track-add-to-cart elementor-widget elementor-widget-button\" data-id=\"3220eafd\" data-element_type=\"widget\" data-e-type=\"widget\" data-widget_type=\"button.default\">\n\t\t\t\t\t\t\t\t\t\t<a class=\"elementor-button elementor-button-link elementor-size-sm\" href=\"https:\/\/book.easytable.com\/book\/?id=9b5d2&#038;lang=auto#\" target=\"_blank\">\n\t\t\t\t\t\t<span class=\"elementor-button-content-wrapper\">\n\t\t\t\t\t\t\t\t\t<span class=\"elementor-button-text\">BOOK TABLE<\/span>\n\t\t\t\t\t<\/span>\n\t\t\t\t\t<\/a>\n\t\t\t\t\t\t\t\t<\/div>\n\t\t\t\t<div class=\"elementor-element elementor-element-7510dbf6 elementor-align-center elementor-widget elementor-widget-button\" data-id=\"7510dbf6\" data-element_type=\"widget\" data-e-type=\"widget\" data-widget_type=\"button.default\">\n\t\t\t\t\t\t\t\t\t\t<a class=\"elementor-button elementor-button-link elementor-size-sm\" href=\"https:\/\/kroen1936.dk\/en\/aften\/\">\n\t\t\t\t\t\t<span class=\"elementor-button-content-wrapper\">\n\t\t\t\t\t\t\t\t\t<span class=\"elementor-button-text\">MENU<\/span>\n\t\t\t\t\t<\/span>\n\t\t\t\t\t<\/a>\n\t\t\t\t\t\t\t\t<\/div>\n\t\t\t\t<\/div>\n\t\t<div class=\"elementor-element elementor-element-3462d982 e-con-full e-flex e-con e-child\" data-id=\"3462d982\" data-element_type=\"container\" data-e-type=\"container\" data-settings=\"{&quot;background_background&quot;:&quot;classic&quot;}\">\n\t\t\t\t<div class=\"elementor-element elementor-element-38ab91ca elementor-widget__width-inherit elementor-widget elementor-widget-heading\" data-id=\"38ab91ca\" data-element_type=\"widget\" data-e-type=\"widget\" data-widget_type=\"heading.default\">\n\t\t\t\t\t<h2 class=\"elementor-heading-title elementor-size-default\">WEEKEND BRUNCH<\/h2>\t\t\t\t<\/div>\n\t\t\t\t<div class=\"elementor-element elementor-element-9ab5e22 elementor-align-center track-add-to-cart elementor-widget elementor-widget-button\" data-id=\"9ab5e22\" data-element_type=\"widget\" data-e-type=\"widget\" data-widget_type=\"button.default\">\n\t\t\t\t\t\t\t\t\t\t<a class=\"elementor-button elementor-button-link elementor-size-sm\" href=\"https:\/\/book.easytable.com\/book\/?id=9b5d2&#038;lang=auto#\" target=\"_blank\">\n\t\t\t\t\t\t<span class=\"elementor-button-content-wrapper\">\n\t\t\t\t\t\t\t\t\t<span class=\"elementor-button-text\">BOOK TABLE<\/span>\n\t\t\t\t\t<\/span>\n\t\t\t\t\t<\/a>\n\t\t\t\t\t\t\t\t<\/div>\n\t\t\t\t<div class=\"elementor-element elementor-element-7714c954 elementor-align-center elementor-widget elementor-widget-button\" data-id=\"7714c954\" data-element_type=\"widget\" data-e-type=\"widget\" data-widget_type=\"button.default\">\n\t\t\t\t\t\t\t\t\t\t<a class=\"elementor-button elementor-button-link elementor-size-sm\" href=\"https:\/\/kroen1936.dk\/en\/weekend-brunch\/\">\n\t\t\t\t\t\t<span class=\"elementor-button-content-wrapper\">\n\t\t\t\t\t\t\t\t\t<span class=\"elementor-button-text\">MENU<\/span>\n\t\t\t\t\t<\/span>\n\t\t\t\t\t<\/a>\n\t\t\t\t\t\t\t\t<\/div>\n\t\t\t\t<\/div>\n\t\t<div class=\"elementor-element elementor-element-58abdb5 e-con-full e-flex e-con e-child\" data-id=\"58abdb5\" data-element_type=\"container\" data-e-type=\"container\">\n\t\t\t\t<div class=\"elementor-element elementor-element-368c0ba elementor-align-center track-add-to-cart elementor-widget elementor-widget-button\" data-id=\"368c0ba\" data-element_type=\"widget\" data-e-type=\"widget\" data-widget_type=\"button.default\">\n\t\t\t\t\t\t\t\t\t\t<a class=\"elementor-button elementor-button-link elementor-size-sm\" href=\"https:\/\/kroen1936.dk\/en\/events\/\" target=\"_blank\">\n\t\t\t\t\t\t<span class=\"elementor-button-content-wrapper\">\n\t\t\t\t\t\t\t\t\t<span class=\"elementor-button-text\">EVENTS AT KROEN1936<\/span>\n\t\t\t\t\t<\/span>\n\t\t\t\t\t<\/a>\n\t\t\t\t\t\t\t\t<\/div>\n\t\t\t\t<\/div>\n\t\t\t\t<div class=\"elementor-element elementor-element-2d9dc193 elementor-widget__width-inherit elementor-widget elementor-widget-image-box\" data-id=\"2d9dc193\" data-element_type=\"widget\" data-e-type=\"widget\" data-widget_type=\"image-box.default\">\n\t\t\t\t\t<div class=\"elementor-image-box-wrapper\"><div class=\"elementor-image-box-content\"><h2 class=\"elementor-image-box-title\">A gathering point since 1936<\/h2><p class=\"elementor-image-box-description\">Skovriderkroen has been a natural gathering point in the local area since 1936.<br>In the past, the inn was known as a modern gem with an elegant dining room, hotel rooms and even a theater hall where the back wall of the stage could be opened to nature.<br>The combination of surroundings, gastronomy and cultural life made the inn a success from the very beginning.\n<br><\/br>\nOur vision today is based on the same basic idea: <\/br>a place where nature, quality and presence meet <\/br>\u2013 and where there is room for both everyday life and special moments.\n<\/p><\/div><\/div>\t\t\t\t<\/div>\n\t\t\t\t\t<\/div>\n\t\t\t\t<\/div>\n\t\t<div class=\"elementor-element elementor-element-7484acaa e-flex e-con-boxed e-con e-parent\" data-id=\"7484acaa\" data-element_type=\"container\" data-e-type=\"container\">\n\t\t\t\t\t<div class=\"e-con-inner\">\n\t\t\t\t<div class=\"elementor-element elementor-element-5d78d9e2 elementor-cta--layout-image-above elementor-cta--valign-middle elementor-widget__width-initial elementor-cta--skin-classic elementor-animated-content elementor-bg-transform elementor-bg-transform-zoom-in elementor-widget elementor-widget-call-to-action\" data-id=\"5d78d9e2\" data-element_type=\"widget\" data-e-type=\"widget\" data-widget_type=\"call-to-action.default\">\n\t\t\t\t\t\t\t<div class=\"elementor-cta\">\n\t\t\t\t\t\t\t<div class=\"elementor-cta__content\">\n\t\t\t\t\n\t\t\t\t\t\t\t\t\t<h2 class=\"elementor-cta__title elementor-cta__content-item elementor-content-item\">\n\t\t\t\t\t\tEveryday food as takeaway\t\t\t\t\t<\/h2>\n\t\t\t\t\n\t\t\t\t\t\t\t\t\t<div class=\"elementor-cta__description elementor-cta__content-item elementor-content-item\">\n\t\t\t\t\t\tWith us you will always find delicious homemade food made from high quality ingredients. On this page you will also find our plate dishes that you can stop by and pick up at home.\t\t\t\t\t<\/div>\n\t\t\t\t\n\t\t\t\t\t\t\t\t\t<div class=\"elementor-cta__button-wrapper elementor-cta__content-item elementor-content-item\">\n\t\t\t\t\t<a class=\"elementor-cta__button elementor-button elementor-size-\" href=\"https:\/\/kroen1936.dk\/en\/takeaway\/\">\n\t\t\t\t\t\tSEE THE WEEKLY MENU\t\t\t\t\t<\/a>\n\t\t\t\t\t<\/div>\n\t\t\t\t\t\t\t<\/div>\n\t\t\t\t\t\t<\/div>\n\t\t\t\t\t\t<\/div>\n\t\t\t\t\t<\/div>\n\t\t\t\t<\/div>\n\t\t\t\t<\/div>","protected":false},"excerpt":{"rendered":"<p>AFTENSMAD BOOK BORD MENU WEEKENDBRUNCh BOOK BORD MENU EVENTS P\u00c5 KROEN1936 Et samlingspunkt siden 1936 Skovriderkroen har siden 1936 v\u00e6ret et naturligt samlingspunkt i n\u00e6romr\u00e5det.F\u00f8rhen var kroen kendt som en moderne perle med en elegant spisesalon, hotelv\u00e6relser og endda en teatersal, hvor scenens bagv\u00e6g kunne \u00e5bnes mod naturen.Kombinationen af omgivelser, gastronomi og kulturliv gjorde kroen [&hellip;]<\/p>\n","protected":false},"author":2,"featured_media":0,"parent":0,"menu_order":0,"comment_status":"closed","ping_status":"closed","template":"elementor_header_footer","meta":{"footnotes":""},"class_list":["post-1228","page","type-page","status-publish","hentry"],"_links":{"self":[{"href":"https:\/\/kroen1936.dk\/en\/wp-json\/wp\/v2\/pages\/1228","targetHints":{"allow":["GET"]}}],"collection":[{"href":"https:\/\/kroen1936.dk\/en\/wp-json\/wp\/v2\/pages"}],"about":[{"href":"https:\/\/kroen1936.dk\/en\/wp-json\/wp\/v2\/types\/page"}],"author":[{"embeddable":true,"href":"https:\/\/kroen1936.dk\/en\/wp-json\/wp\/v2\/users\/2"}],"replies":[{"embeddable":true,"href":"https:\/\/kroen1936.dk\/en\/wp-json\/wp\/v2\/comments?post=1228"}],"version-history":[{"count":204,"href":"https:\/\/kroen1936.dk\/en\/wp-json\/wp\/v2\/pages\/1228\/revisions"}],"predecessor-version":[{"id":5493,"href":"https:\/\/kroen1936.dk\/en\/wp-json\/wp\/v2\/pages\/1228\/revisions\/5493"}],"wp:attachment":[{"href":"https:\/\/kroen1936.dk\/en\/wp-json\/wp\/v2\/media?parent=1228"}],"curies":[{"name":"wp","href":"https:\/\/api.w.org\/{rel}","templated":true}]}}